{"id":11,"date":"2024-04-23T15:02:30","date_gmt":"2024-04-23T13:02:30","guid":{"rendered":"https:\/\/cava-bernardi.com\/en\/dichiarazione-alla-protezione-dei-dati\/"},"modified":"2024-05-03T18:23:56","modified_gmt":"2024-05-03T16:23:56","slug":"data-protection","status":"publish","type":"page","link":"https:\/\/cava-bernardi.com\/en\/data-protection\/","title":{"rendered":"Data Protection"},"content":{"rendered":"\n<div class=\"wp-block-group has-global-padding is-layout-constrained wp-block-group-is-layout-constrained\">\n<div class=\"wp-block-group has-global-padding is-layout-constrained wp-block-group-is-layout-constrained\"><\/div>\n<\/div>\n\n\n\n<h2 class=\"wp-block-heading has-large-font-size\">Elaborazione dei dati<\/h2>\n\n\n\n<pre class=\"wp-block-preformatted has-body-font-family\">Nell\u2019ambito della Vostra visita al nostro sito web, rileviamo la data e l\u2019ora del Vostro accesso, il Vostro indirizzo IP, il nome e la versione del Vostro browser web, i sottositi, i cookies del sistema del provider, assolutamente necessari per la vostra esperienza web sul nostro sito, e i cookies riportanti di seguito, nonch\u00e9 tutti i dati personali che ci trasmettete tramite la compilazione del modulo di contatto.<\/pre>\n\n\n\n<h2 class=\"wp-block-heading has-large-font-size\">Conservazione e trasferimento dei dati a terzi<\/h2>\n\n\n\n<pre class=\"wp-block-preformatted has-body-font-family\">Tutti i dati personali che raccogliamo attraverso la vostra visita al nostro sito web vengono da noi elaborati con la massima cura possibile e conservati in conformit\u00e0 ai requisiti di legge. I dati vengono conservati per un periodo pi\u00f9 lungo solo per indagare sugli attacchi al nostro sito web. I dati che elaboriamo sulla base della vostra richiesta di contatto via e-mail o tramite uno dei nostri moduli di contatto saranno da noi utilizzati esclusivamente per l'elaborazione della vostra richiesta e conservati in conformit\u00e0 alle normative vigenti.<br><br>I dati vengono trasferiti a terzi se ci\u00f2 \u00e8 necessario per l'elaborazione dei contratti o per la fatturazione.<br><br>I vostri dati saranno naturalmente trattati in modo confidenziale e non saranno trasmessi ad altre organizzazioni.<\/pre>\n\n\n\n<h2 class=\"wp-block-heading has-large-font-size\">Finalit\u00e0 dell\u2019elaborazione dei dati<\/h2>\n\n\n\n<div class=\"wp-block-group has-global-padding is-layout-constrained wp-block-group-is-layout-constrained\">\n<pre class=\"wp-block-preformatted has-body-font-family\" style=\"padding-top:var(--wp--preset--spacing--10);padding-right:var(--wp--preset--spacing--10);padding-bottom:var(--wp--preset--spacing--10);padding-left:var(--wp--preset--spacing--10)\">Utilizziamo i dati personali per:<\/pre>\n\n\n\n<ul>\n<li style=\"line-height:1.4\" class=\"has-body-font-family\">mettere a Vostra disposizione il nostri sito web, per migliorarlo e svilupparlo ulteriormente<\/li>\n\n\n\n<li class=\"has-body-font-family\">poter compilare statistiche relative all\u2019utilizzo<\/li>\n\n\n\n<li class=\"has-body-font-family\">riconoscere eventuali attacchi al nostro sito e per riuscire a prevenirli e a indagarli<\/li>\n\n\n\n<li class=\"has-body-font-family\">per rispondere alle Vostre richieste di informazioni e adempiere agli obblighi contrattuali in corso<\/li>\n<\/ul>\n<\/div>\n\n\n\n<h2 class=\"wp-block-heading has-large-font-size\">Cookies<\/h2>\n\n\n\n<pre class=\"wp-block-preformatted has-body-font-family\">Il nostro sito web utilizza i cookie. Si tratta di piccoli file di testo che vengono memorizzati sul dispositivo finale dell'utente con l'aiuto del suo browser per rendere accessibile il nostro sito web. Per poter riconoscere il vostro browser alla visita successiva, alcuni cookie rimangono memorizzati sul vostro dispositivo fino alla loro cancellazione.<br>Se desiderate impedire l'impostazione automatica dei cookie, potete impostare il vostro browser in modo che visualizzi l'impostazione dei cookie e potete consentirlo caso per caso. Si prega di notare che la funzionalit\u00e0 del nostro sito web potrebbe essere compromessa se si disattivano i cookie.<\/pre>\n\n\n\n<h2 class=\"wp-block-heading has-large-font-size\">Raccolta di dati e informazioni generali<\/h2>\n\n\n\n<pre class=\"wp-block-preformatted has-body-font-family\">Ogni volta che visitate il nostro sito web, vengono raccolti dati e informazioni generali per garantire il corretto funzionamento del nostro sito, ottimizzarlo e garantirne la funzionalit\u00e0. Desideriamo sottolineare che non si tratta di dati personali e che non \u00e8 possibile trarre conclusioni su una persona specifica. I dati possibili in questo caso sono i seguenti: Il tipo di browser utilizzato e la sua versione, il sistema operativo, il sito web da cui si accede.<\/pre>\n\n\n\n<h2 class=\"wp-block-heading has-large-font-size\">Google Analytics<\/h2>\n\n\n\n<pre class=\"wp-block-preformatted has-body-font-family\" style=\"padding-top:0;padding-bottom:0\">Google Analytics \u00e8 un servizio di analisi web fornito da Google Inc.<br>Questo strumento genera informazioni sugli utenti della nostra offerta online e trasmette i dati a un server di Google negli Stati Uniti. Google analizza per nostro conto l'utilizzo della nostra offerta online per redigere rapporti sulle attivit\u00e0 nell'ambito di questa offerta online e per fornirci ulteriori servizi legati all'utilizzo di questa offerta online e all'uso di Internet. Dai dati elaborati possono essere creati profili utente pseudonimi.<br>Utilizziamo Google Analytics: solo con anonimizzazione IP attiva. Ci\u00f2 significa che gli indirizzi IP degli utenti di Google negli Stati membri dell'Unione Europea o in altri Stati firmatari dell'Accordo sullo Spazio Economico Europeo vengono troncati. Solo in casi eccezionali l'indirizzo IP completo viene trasmesso a un server di Google negli USA e l\u00ec troncato. L'indirizzo IP trasmesso dal vostro browser non viene unito ad altri dati di Google.<br>Per impedire a Google di elaborare i vostri dati, potete utilizzare il seguente plugin: http:\/\/tools.google.com\/dlpage\/gaoptout?hl=de.<br>Ulteriori informazioni sull'elaborazione dei dati da parte di Google sono disponibili ai seguenti link:<br><br><a href=\"https:\/\/www.google.com\/intl\/de\/policies\/privacy\/partners\" target=\"_blank\" rel=\"noreferrer noopener nofollow\">https:\/\/www.google.com\/intl\/de\/policies\/privacy\/partners <\/a><br><a href=\"http:\/\/www.google.com\/policies\/technologies\/ads\" target=\"_blank\" rel=\"noreferrer noopener nofollow\">http:\/\/www.google.com\/policies\/technologies\/ads<\/a> <br><a href=\"http:\/\/www.google.de\/settings\/ads\" target=\"_blank\" rel=\"noreferrer noopener nofollow\">http:\/\/www.google.de\/settings\/ads<\/a><br><a href=\"http:\/\/www.google.com\/ads\/preferences\" target=\"_blank\" rel=\"noreferrer noopener nofollow\">http:\/\/www.google.com\/ads\/preferences<\/a><\/pre>\n\n\n\n<h2 class=\"wp-block-heading has-large-font-size\">Utilizzo degli indirizzi IP<\/h2>\n\n\n\n<pre class=\"wp-block-preformatted has-body-font-family\">Durante la visita al nostro sito web, l'indirizzo IP dell'utente viene registrato ma immediatamente convertito in forma pseudonimizzata cancellando le ultime quattro cifre. In questo modo possiamo riconoscere il Paese da cui \u00e8 stato effettuato l'accesso al nostro sito web, ma non il dispositivo finale. In questo modo non \u00e8 possibile risalire a una persona identificabile.<\/pre>\n\n\n\n<h2 class=\"wp-block-heading has-large-font-size\">Crittografia SSL<\/h2>\n\n\n\n<pre class=\"wp-block-preformatted has-body-font-family\">Utilizziamo metodi di crittografia adeguati per garantire la sicurezza dei vostri dati.<\/pre>\n\n\n\n<h2 class=\"wp-block-heading has-large-font-size\">Social media<\/h2>\n\n\n\n<pre class=\"wp-block-preformatted has-body-font-family\">Siamo presenti anche su social network come Facebook e Google. Tuttavia, non vengono raccolti dati tramite Facebook e Google.<\/pre>\n\n\n\n<h2 class=\"wp-block-heading has-large-font-size\">Facebook<\/h2>\n\n\n\n<pre class=\"wp-block-preformatted has-body-font-family\">Come azienda, utilizziamo Facebook per inviare informazioni aziendali alla comunit\u00e0.<br>Facebook \u00e8 gestito da Facebook Inc, 1 Hacker Way, Menlo Park, CA 94025, USA. Facebook Ireland Ltd, 4 Grand Canal Square, Grand Canal Harbour, Dublino 2, Irlanda, \u00e8 responsabile dei dati personali delle persone al di fuori degli Stati Uniti e del Canada.<br><br>Le informazioni sui dati personali raccolti, elaborati e utilizzati da Facebook sono disponibili nell'informativa sulla privacy pubblicata da Facebook all'indirizzo <a href=\"https:\/\/de-de.facebook.com\/about\/privacy\/.\" target=\"_blank\" rel=\"noreferrer noopener nofollow\">https:\/\/de-de.facebook.com\/about\/privacy\/.<\/a><\/pre>\n\n\n\n<h2 class=\"wp-block-heading has-large-font-size\">Informazioni sulla newsletter<\/h2>\n\n\n\n<pre class=\"wp-block-preformatted has-body-font-family\">Avete la possibilit\u00e0 di iscrivervi alla nostra newsletter tramite il sito web. A tal fine, abbiamo bisogno del vostro indirizzo e-mail e della vostra dichiarazione di consenso a ricevere tali informazioni. Se vi siete iscritti alla nostra newsletter, riceverete un'e-mail per confermare la vostra iscrizione.<br>\u00c8 possibile annullare l'iscrizione a queste informazioni in qualsiasi momento. \u00c8 sufficiente cliccare sul pulsante \"Unsubscribe\" in una delle e-mail. Le informazioni della vostra mailing list verranno immediatamente cancellate.<\/pre>\n\n\n\n<h2 class=\"wp-block-heading has-large-font-size\">I vostri diritti<\/h2>\n\n\n\n<pre class=\"wp-block-preformatted has-body-font-family\">In linea di principio, avete diritto all'informazione, alla correzione, alla cancellazione, alla limitazione, alla portabilit\u00e0 dei dati, alla cancellazione e all'opposizione. Su richiesta scritta, possiamo fornirvi in qualsiasi momento informazioni sui vostri dati personali memorizzati.<br>Se abbiamo commesso un errore nella memorizzazione dei dati, vi preghiamo di comunicarcelo. Correggeremo immediatamente i dati e vi informeremo di conseguenza.<br>Se non desiderate pi\u00f9 che i vostri dati vengano memorizzati, avete il diritto di richiederne la cancellazione in qualsiasi momento. Dopo la cancellazione, vi informeremo immediatamente dello stato attuale. I dati di fatturazione e di contabilit\u00e0 non sono interessati dalla cancellazione. Se i vostri dati rientrano in una di queste eccezioni, vi informeremo di conseguenza.<br>Se ritenete che il trattamento dei vostri dati violi le norme sulla protezione dei dati o che siano stati violati i vostri diritti legali alla protezione dei dati, avete la possibilit\u00e0 di presentare un reclamo all'autorit\u00e0 di vigilanza.<\/pre>\n\n\n\n<h2 class=\"wp-block-heading\"><\/h2>\n\n\n\n<pre class=\"wp-block-preformatted has-body-font-family\">Dati di contatto<br>Se avete domande sulla sicurezza dei vostri dati o volete far valere i vostri diritti, contattate il nostro <a href=\"https:\/\/www.cava-bernardi.com\/contatto\/\" data-type=\"page\" data-id=\"2\">supporto<\/a>:<br>Cave Marmi Bernardi Fabio &amp; C. S.n.c.<br>Localita\u2019 Ori, 99<br>37013 CAPRINO VERONESE (VR)<br><br>Edizione: Aprile 2024<br><\/pre>\n","protected":false},"excerpt":{"rendered":"<p>Elaborazione dei dati Nell\u2019ambito della Vostra visita al nostro sito web, rileviamo la data e l\u2019ora del Vostro accesso, il Vostro indirizzo IP, il nome e la versione del Vostro browser web, i sottositi, i cookies del sistema del provider, assolutamente necessari per la vostra esperienza web sul nostro sito, e i cookies riportanti di [&hellip;]<\/p>\n","protected":false},"author":1,"featured_media":0,"parent":0,"menu_order":0,"comment_status":"closed","ping_status":"closed","template":"","meta":{"footnotes":""},"yoast_head":"<!-- This site is optimized with the Yoast SEO plugin v22.8 - https:\/\/yoast.com\/wordpress\/plugins\/seo\/ -->\n<title>Data Protection - BERNARDI<\/title>\n<meta name=\"robots\" content=\"index, follow, max-snippet:-1, max-image-preview:large, max-video-preview:-1\" \/>\n<link rel=\"canonical\" href=\"https:\/\/cava-bernardi.com\/en\/data-protection\/\" \/>\n<meta property=\"og:locale\" content=\"en_US\" \/>\n<meta property=\"og:type\" content=\"article\" \/>\n<meta property=\"og:title\" content=\"Data Protection - BERNARDI\" \/>\n<meta property=\"og:description\" content=\"Elaborazione dei dati Nell\u2019ambito della Vostra visita al nostro sito web, rileviamo la data e l\u2019ora del Vostro accesso, il Vostro indirizzo IP, il nome e la versione del Vostro browser web, i sottositi, i cookies del sistema del provider, assolutamente necessari per la vostra esperienza web sul nostro sito, e i cookies riportanti di [&hellip;]\" \/>\n<meta property=\"og:url\" content=\"https:\/\/cava-bernardi.com\/en\/data-protection\/\" \/>\n<meta property=\"og:site_name\" content=\"BERNARDI\" \/>\n<meta property=\"article:modified_time\" content=\"2024-05-03T16:23:56+00:00\" \/>\n<meta name=\"twitter:card\" content=\"summary_large_image\" \/>\n<meta name=\"twitter:label1\" content=\"Est. reading time\" \/>\n\t<meta name=\"twitter:data1\" content=\"5 minutes\" \/>\n<script type=\"application\/ld+json\" class=\"yoast-schema-graph\">{\"@context\":\"https:\/\/schema.org\",\"@graph\":[{\"@type\":\"WebPage\",\"@id\":\"https:\/\/cava-bernardi.com\/en\/data-protection\/\",\"url\":\"https:\/\/cava-bernardi.com\/en\/data-protection\/\",\"name\":\"Data Protection - BERNARDI\",\"isPartOf\":{\"@id\":\"https:\/\/cava-bernardi.com\/en\/#website\"},\"datePublished\":\"2024-04-23T13:02:30+00:00\",\"dateModified\":\"2024-05-03T16:23:56+00:00\",\"breadcrumb\":{\"@id\":\"https:\/\/cava-bernardi.com\/en\/data-protection\/#breadcrumb\"},\"inLanguage\":\"en-US\",\"potentialAction\":[{\"@type\":\"ReadAction\",\"target\":[\"https:\/\/cava-bernardi.com\/en\/data-protection\/\"]}]},{\"@type\":\"BreadcrumbList\",\"@id\":\"https:\/\/cava-bernardi.com\/en\/data-protection\/#breadcrumb\",\"itemListElement\":[{\"@type\":\"ListItem\",\"position\":1,\"name\":\"Startseite\",\"item\":\"https:\/\/cava-bernardi.com\/en\/\"},{\"@type\":\"ListItem\",\"position\":2,\"name\":\"Data Protection\"}]},{\"@type\":\"WebSite\",\"@id\":\"https:\/\/cava-bernardi.com\/en\/#website\",\"url\":\"https:\/\/cava-bernardi.com\/en\/\",\"name\":\"BERNARDI\",\"description\":\"marble arts &amp; crafts\",\"publisher\":{\"@id\":\"https:\/\/cava-bernardi.com\/en\/#organization\"},\"potentialAction\":[{\"@type\":\"SearchAction\",\"target\":{\"@type\":\"EntryPoint\",\"urlTemplate\":\"https:\/\/cava-bernardi.com\/en\/?s={search_term_string}\"},\"query-input\":\"required name=search_term_string\"}],\"inLanguage\":\"en-US\"},{\"@type\":\"Organization\",\"@id\":\"https:\/\/cava-bernardi.com\/en\/#organization\",\"name\":\"BERNARDI\",\"url\":\"https:\/\/cava-bernardi.com\/en\/\",\"logo\":{\"@type\":\"ImageObject\",\"inLanguage\":\"en-US\",\"@id\":\"https:\/\/cava-bernardi.com\/en\/#\/schema\/logo\/image\/\",\"url\":\"https:\/\/cava-bernardi.com\/en\/wp-content\/uploads\/sites\/3\/2024\/05\/logo.png\",\"contentUrl\":\"https:\/\/cava-bernardi.com\/en\/wp-content\/uploads\/sites\/3\/2024\/05\/logo.png\",\"width\":935,\"height\":537,\"caption\":\"BERNARDI\"},\"image\":{\"@id\":\"https:\/\/cava-bernardi.com\/en\/#\/schema\/logo\/image\/\"}}]}<\/script>\n<!-- \/ Yoast SEO plugin. -->","yoast_head_json":{"title":"Data Protection - BERNARDI","robots":{"index":"index","follow":"follow","max-snippet":"max-snippet:-1","max-image-preview":"max-image-preview:large","max-video-preview":"max-video-preview:-1"},"canonical":"https:\/\/cava-bernardi.com\/en\/data-protection\/","og_locale":"en_US","og_type":"article","og_title":"Data Protection - BERNARDI","og_description":"Elaborazione dei dati Nell\u2019ambito della Vostra visita al nostro sito web, rileviamo la data e l\u2019ora del Vostro accesso, il Vostro indirizzo IP, il nome e la versione del Vostro browser web, i sottositi, i cookies del sistema del provider, assolutamente necessari per la vostra esperienza web sul nostro sito, e i cookies riportanti di [&hellip;]","og_url":"https:\/\/cava-bernardi.com\/en\/data-protection\/","og_site_name":"BERNARDI","article_modified_time":"2024-05-03T16:23:56+00:00","twitter_card":"summary_large_image","twitter_misc":{"Est. reading time":"5 minutes"},"schema":{"@context":"https:\/\/schema.org","@graph":[{"@type":"WebPage","@id":"https:\/\/cava-bernardi.com\/en\/data-protection\/","url":"https:\/\/cava-bernardi.com\/en\/data-protection\/","name":"Data Protection - BERNARDI","isPartOf":{"@id":"https:\/\/cava-bernardi.com\/en\/#website"},"datePublished":"2024-04-23T13:02:30+00:00","dateModified":"2024-05-03T16:23:56+00:00","breadcrumb":{"@id":"https:\/\/cava-bernardi.com\/en\/data-protection\/#breadcrumb"},"inLanguage":"en-US","potentialAction":[{"@type":"ReadAction","target":["https:\/\/cava-bernardi.com\/en\/data-protection\/"]}]},{"@type":"BreadcrumbList","@id":"https:\/\/cava-bernardi.com\/en\/data-protection\/#breadcrumb","itemListElement":[{"@type":"ListItem","position":1,"name":"Startseite","item":"https:\/\/cava-bernardi.com\/en\/"},{"@type":"ListItem","position":2,"name":"Data Protection"}]},{"@type":"WebSite","@id":"https:\/\/cava-bernardi.com\/en\/#website","url":"https:\/\/cava-bernardi.com\/en\/","name":"BERNARDI","description":"marble arts &amp; crafts","publisher":{"@id":"https:\/\/cava-bernardi.com\/en\/#organization"},"potentialAction":[{"@type":"SearchAction","target":{"@type":"EntryPoint","urlTemplate":"https:\/\/cava-bernardi.com\/en\/?s={search_term_string}"},"query-input":"required name=search_term_string"}],"inLanguage":"en-US"},{"@type":"Organization","@id":"https:\/\/cava-bernardi.com\/en\/#organization","name":"BERNARDI","url":"https:\/\/cava-bernardi.com\/en\/","logo":{"@type":"ImageObject","inLanguage":"en-US","@id":"https:\/\/cava-bernardi.com\/en\/#\/schema\/logo\/image\/","url":"https:\/\/cava-bernardi.com\/en\/wp-content\/uploads\/sites\/3\/2024\/05\/logo.png","contentUrl":"https:\/\/cava-bernardi.com\/en\/wp-content\/uploads\/sites\/3\/2024\/05\/logo.png","width":935,"height":537,"caption":"BERNARDI"},"image":{"@id":"https:\/\/cava-bernardi.com\/en\/#\/schema\/logo\/image\/"}}]}},"_links":{"self":[{"href":"https:\/\/cava-bernardi.com\/en\/wp-json\/wp\/v2\/pages\/11"}],"collection":[{"href":"https:\/\/cava-bernardi.com\/en\/wp-json\/wp\/v2\/pages"}],"about":[{"href":"https:\/\/cava-bernardi.com\/en\/wp-json\/wp\/v2\/types\/page"}],"author":[{"embeddable":true,"href":"https:\/\/cava-bernardi.com\/en\/wp-json\/wp\/v2\/users\/1"}],"replies":[{"embeddable":true,"href":"https:\/\/cava-bernardi.com\/en\/wp-json\/wp\/v2\/comments?post=11"}],"version-history":[{"count":1,"href":"https:\/\/cava-bernardi.com\/en\/wp-json\/wp\/v2\/pages\/11\/revisions"}],"predecessor-version":[{"id":32,"href":"https:\/\/cava-bernardi.com\/en\/wp-json\/wp\/v2\/pages\/11\/revisions\/32"}],"wp:attachment":[{"href":"https:\/\/cava-bernardi.com\/en\/wp-json\/wp\/v2\/media?parent=11"}],"curies":[{"name":"wp","href":"https:\/\/api.w.org\/{rel}","templated":true}]}}