{"id":5,"date":"2024-05-02T06:14:15","date_gmt":"2024-05-02T04:14:15","guid":{"rendered":"https:\/\/cava-bernardi.com\/de\/estrazione-di-marmo\/"},"modified":"2024-05-03T17:39:21","modified_gmt":"2024-05-03T15:39:21","slug":"marmorabbau","status":"publish","type":"page","link":"https:\/\/cava-bernardi.com\/de\/marmorabbau\/","title":{"rendered":"Marmorabbau"},"content":{"rendered":"\n<div class=\"wp-block-group alignfull is-nowrap is-layout-flex wp-container-core-group-is-layout-2 wp-block-group-is-layout-flex\" style=\"padding-top:var(--wp--preset--spacing--50);padding-right:var(--wp--preset--spacing--50);padding-bottom:var(--wp--preset--spacing--50);padding-left:var(--wp--preset--spacing--50)\">\n<div class=\"wp-block-group has-global-padding is-layout-constrained wp-container-core-group-is-layout-1 wp-block-group-is-layout-constrained\">\n<h1 class=\"wp-block-heading has-text-align-center has-x-large-font-size\">Marmorabbau ist nicht nur ein Gewerbe<\/h1>\n\n\n\n<div style=\"height:1.25rem\" aria-hidden=\"true\" class=\"wp-block-spacer\"><\/div>\n\n\n\n<p>Im Laufe der Jahrhunderte hat Marmor die Welt mit seiner Anmut und Best\u00e4ndigkeit verzaubert. Von den prachtvollen Statuen der griechischen Antike bis zu den opulenten Pal\u00e4sten der Renaissance ist seine Pr\u00e4senz ein Tribut an die ewige Kraft der menschlichen Kreativit\u00e4t.<\/p>\n\n\n\n<p>Aber wenn die Bl\u00f6cke aus dem Herzen der Erde auftauchen, ist dies auch eine Warnung: Die Sch\u00f6nheit des Marmors ist kostbar und zerbrechlich zugleich. Es liegt an uns, ihn zu bewahren und zu ehren, damit auch k\u00fcnftige Generationen die Wunder dieses edlen Materials bewundern k\u00f6nnen.<\/p>\n\n\n\n<p><\/p>\n\n\n\n<div style=\"height:1.25rem\" aria-hidden=\"true\" class=\"wp-block-spacer\"><\/div>\n\n\n\n<div class=\"wp-block-buttons is-content-justification-center is-layout-flex wp-container-core-buttons-is-layout-1 wp-block-buttons-is-layout-flex\"><\/div>\n<\/div>\n\n\n\n<div style=\"height:0px;width:0px\" aria-hidden=\"true\" class=\"wp-block-spacer wp-container-content-1\"><\/div>\n\n\n\n<figure class=\"wp-block-image alignwide size-full is-style-rounded\"><img decoding=\"async\" src=\"https:\/\/www.cava-bernardi.com\/wp-content\/uploads\/2024\/05\/48419080_2380550552174337_630819627928125440_n.jpg\" alt=\"\" class=\"wp-image-339\"\/><\/figure>\n<\/div>\n\n\n\n<div class=\"wp-block-group alignfull has-global-padding is-layout-constrained wp-block-group-is-layout-constrained\" style=\"margin-top:0;margin-bottom:0;padding-top:var(--wp--preset--spacing--20);padding-right:var(--wp--preset--spacing--20);padding-bottom:var(--wp--preset--spacing--20);padding-left:var(--wp--preset--spacing--20)\">\n<div class=\"wp-block-group alignwide has-global-padding is-layout-constrained wp-container-core-group-is-layout-4 wp-block-group-is-layout-constrained\">\n<div class=\"wp-block-group is-vertical is-content-justification-center is-layout-flex wp-container-core-group-is-layout-3 wp-block-group-is-layout-flex\">\n<h2 class=\"wp-block-heading has-text-align-center is-style-default\">Ein komplexer Prozess<\/h2>\n\n\n\n<p class=\"has-text-align-center\">Der Abbau von Marmor ist ein komplexer Prozess, der sorgf\u00e4ltige Planung, Pr\u00e4zision und Fachwissen erfordert. Einer der wichtigsten Schritte in diesem Prozess ist die Gewinnung eines Marmorblocks aus der Marmorbank, ein Verfahren, das traditionelle Techniken mit moderner Technologie verbindet.<\/p>\n<\/div>\n\n\n\n<div style=\"height:var(--wp--preset--spacing--40)\" aria-hidden=\"true\" class=\"wp-block-spacer\"><\/div>\n\n\n\n<div class=\"wp-block-columns alignwide is-layout-flex wp-container-core-columns-is-layout-1 wp-block-columns-is-layout-flex\">\n<div class=\"wp-block-column is-vertically-aligned-center is-layout-flow wp-block-column-is-layout-flow\" style=\"flex-basis:40%\">\n<h3 class=\"wp-block-heading is-style-default\">Abbau von Marmor<\/h3>\n\n\n\n<p>Bevor wir mit dem Aushub eines Verona Rosso- oder Nembro-Blocks beginnen, f\u00fchren wir eine sorgf\u00e4ltige Standortauswahl und -vorbereitung durch. Dazu geh\u00f6rt die Beseitigung von losen Steinen und anderen Hindernissen, um einen sicheren und effizienten Arbeitsbereich zu schaffen.<\/p>\n\n\n\n<p>Anschlie\u00dfend markieren und vermessen wir die zu bergenden Marmorbl\u00f6cke, um sicherzustellen, dass jeder Block korrekt und ohne Besch\u00e4digungen oder Br\u00fcche aus der Marmorbank geborgen wird. Um den Marmorblock aus seinem nat\u00fcrlichen Bett zu l\u00f6sen, werden Bohr- und Sandstrahltechniken eingesetzt. Dabei werden entlang einer vorgegebenen Linie L\u00f6cher in den Marmor gebohrt, in die Sprengstoff gef\u00fcllt wird. Anzahl, Tiefe und Position der L\u00f6cher m\u00fcssen sorgf\u00e4ltig berechnet werden, um eine kontrollierte Fragmentierung des Gesteins zu gew\u00e4hrleisten.<\/p>\n\n\n\n<p>Um das Schneiden von besonders gro\u00dfen oder zerbrechlichen Marmorbl\u00f6cken besser kontrollieren zu k\u00f6nnen, werden Seils\u00e4gen oder Diamantseile eingesetzt. Nach erfolgreichem Schnitt wird der Marmorblock sorgf\u00e4ltig auf strukturelle oder \u00e4sthetische M\u00e4ngel untersucht und f\u00fcr den Transport vorbereitet. Je nach Gr\u00f6\u00dfe und Zustand kann der Marmorblock von uns direkt zu verschiedenen Produkten wie Platten, Fliesen oder Skulpturen weiterverarbeitet werden.<\/p>\n<\/div>\n\n\n\n<div class=\"wp-block-column is-layout-flow wp-block-column-is-layout-flow\" style=\"flex-basis:50%\">\n<figure class=\"wp-block-image size-full is-style-rounded\"><img decoding=\"async\" src=\"https:\/\/www.cava-bernardi.com\/wp-content\/uploads\/2024\/05\/47685455_2375263159369743_5671400393339305984_n.jpg\" alt=\"\" class=\"wp-image-342\"\/><\/figure>\n<\/div>\n<\/div>\n<\/div>\n<\/div>\n","protected":false},"excerpt":{"rendered":"<p>Marmorabbau ist nicht nur ein Gewerbe Im Laufe der Jahrhunderte hat Marmor die Welt mit seiner Anmut und Best\u00e4ndigkeit verzaubert. Von den prachtvollen Statuen der griechischen Antike bis zu den opulenten Pal\u00e4sten der Renaissance ist seine Pr\u00e4senz ein Tribut an die ewige Kraft der menschlichen Kreativit\u00e4t. Aber wenn die Bl\u00f6cke aus dem Herzen der Erde [&hellip;]<\/p>\n","protected":false},"author":1,"featured_media":0,"parent":0,"menu_order":0,"comment_status":"closed","ping_status":"closed","template":"","meta":{"footnotes":""},"yoast_head":"<!-- This site is optimized with the Yoast SEO plugin v22.8 - https:\/\/yoast.com\/wordpress\/plugins\/seo\/ -->\n<title>Marmorabbau - BERNARDI<\/title>\n<meta name=\"robots\" content=\"index, follow, max-snippet:-1, max-image-preview:large, max-video-preview:-1\" \/>\n<link rel=\"canonical\" href=\"https:\/\/cava-bernardi.com\/de\/marmorabbau\/\" \/>\n<meta property=\"og:locale\" content=\"de_DE\" \/>\n<meta property=\"og:type\" content=\"article\" \/>\n<meta property=\"og:title\" content=\"Marmorabbau - BERNARDI\" \/>\n<meta property=\"og:description\" content=\"Marmorabbau ist nicht nur ein Gewerbe Im Laufe der Jahrhunderte hat Marmor die Welt mit seiner Anmut und Best\u00e4ndigkeit verzaubert. Von den prachtvollen Statuen der griechischen Antike bis zu den opulenten Pal\u00e4sten der Renaissance ist seine Pr\u00e4senz ein Tribut an die ewige Kraft der menschlichen Kreativit\u00e4t. Aber wenn die Bl\u00f6cke aus dem Herzen der Erde [&hellip;]\" \/>\n<meta property=\"og:url\" content=\"https:\/\/cava-bernardi.com\/de\/marmorabbau\/\" \/>\n<meta property=\"og:site_name\" content=\"BERNARDI\" \/>\n<meta property=\"article:publisher\" content=\"https:\/\/www.facebook.com\/cavebernardi\/\" \/>\n<meta property=\"article:modified_time\" content=\"2024-05-03T15:39:21+00:00\" \/>\n<meta property=\"og:image\" content=\"https:\/\/www.cava-bernardi.com\/wp-content\/uploads\/2024\/05\/48419080_2380550552174337_630819627928125440_n.jpg\" \/>\n<meta name=\"twitter:card\" content=\"summary_large_image\" \/>\n<meta name=\"twitter:label1\" content=\"Gesch\u00e4tzte Lesezeit\" \/>\n\t<meta name=\"twitter:data1\" content=\"3\u00a0Minuten\" \/>\n<script type=\"application\/ld+json\" class=\"yoast-schema-graph\">{\"@context\":\"https:\/\/schema.org\",\"@graph\":[{\"@type\":\"WebPage\",\"@id\":\"https:\/\/cava-bernardi.com\/de\/marmorabbau\/\",\"url\":\"https:\/\/cava-bernardi.com\/de\/marmorabbau\/\",\"name\":\"Marmorabbau - BERNARDI\",\"isPartOf\":{\"@id\":\"https:\/\/cava-bernardi.com\/de\/#website\"},\"primaryImageOfPage\":{\"@id\":\"https:\/\/cava-bernardi.com\/de\/marmorabbau\/#primaryimage\"},\"image\":{\"@id\":\"https:\/\/cava-bernardi.com\/de\/marmorabbau\/#primaryimage\"},\"thumbnailUrl\":\"https:\/\/www.cava-bernardi.com\/wp-content\/uploads\/2024\/05\/48419080_2380550552174337_630819627928125440_n.jpg\",\"datePublished\":\"2024-05-02T04:14:15+00:00\",\"dateModified\":\"2024-05-03T15:39:21+00:00\",\"breadcrumb\":{\"@id\":\"https:\/\/cava-bernardi.com\/de\/marmorabbau\/#breadcrumb\"},\"inLanguage\":\"de\",\"potentialAction\":[{\"@type\":\"ReadAction\",\"target\":[\"https:\/\/cava-bernardi.com\/de\/marmorabbau\/\"]}]},{\"@type\":\"ImageObject\",\"inLanguage\":\"de\",\"@id\":\"https:\/\/cava-bernardi.com\/de\/marmorabbau\/#primaryimage\",\"url\":\"https:\/\/www.cava-bernardi.com\/wp-content\/uploads\/2024\/05\/48419080_2380550552174337_630819627928125440_n.jpg\",\"contentUrl\":\"https:\/\/www.cava-bernardi.com\/wp-content\/uploads\/2024\/05\/48419080_2380550552174337_630819627928125440_n.jpg\"},{\"@type\":\"BreadcrumbList\",\"@id\":\"https:\/\/cava-bernardi.com\/de\/marmorabbau\/#breadcrumb\",\"itemListElement\":[{\"@type\":\"ListItem\",\"position\":1,\"name\":\"Startseite\",\"item\":\"https:\/\/cava-bernardi.com\/de\/\"},{\"@type\":\"ListItem\",\"position\":2,\"name\":\"Marmorabbau\"}]},{\"@type\":\"WebSite\",\"@id\":\"https:\/\/cava-bernardi.com\/de\/#website\",\"url\":\"https:\/\/cava-bernardi.com\/de\/\",\"name\":\"BERNARDI\",\"description\":\"handwerkskunst in marmor\",\"publisher\":{\"@id\":\"https:\/\/cava-bernardi.com\/de\/#organization\"},\"potentialAction\":[{\"@type\":\"SearchAction\",\"target\":{\"@type\":\"EntryPoint\",\"urlTemplate\":\"https:\/\/cava-bernardi.com\/de\/?s={search_term_string}\"},\"query-input\":\"required name=search_term_string\"}],\"inLanguage\":\"de\"},{\"@type\":\"Organization\",\"@id\":\"https:\/\/cava-bernardi.com\/de\/#organization\",\"name\":\"BERNARDI\",\"url\":\"https:\/\/cava-bernardi.com\/de\/\",\"logo\":{\"@type\":\"ImageObject\",\"inLanguage\":\"de\",\"@id\":\"https:\/\/cava-bernardi.com\/de\/#\/schema\/logo\/image\/\",\"url\":\"https:\/\/cava-bernardi.com\/de\/wp-content\/uploads\/sites\/2\/2024\/05\/logo.png\",\"contentUrl\":\"https:\/\/cava-bernardi.com\/de\/wp-content\/uploads\/sites\/2\/2024\/05\/logo.png\",\"width\":935,\"height\":537,\"caption\":\"BERNARDI\"},\"image\":{\"@id\":\"https:\/\/cava-bernardi.com\/de\/#\/schema\/logo\/image\/\"},\"sameAs\":[\"https:\/\/www.facebook.com\/cavebernardi\/\"]}]}<\/script>\n<!-- \/ Yoast SEO plugin. -->","yoast_head_json":{"title":"Marmorabbau - BERNARDI","robots":{"index":"index","follow":"follow","max-snippet":"max-snippet:-1","max-image-preview":"max-image-preview:large","max-video-preview":"max-video-preview:-1"},"canonical":"https:\/\/cava-bernardi.com\/de\/marmorabbau\/","og_locale":"de_DE","og_type":"article","og_title":"Marmorabbau - BERNARDI","og_description":"Marmorabbau ist nicht nur ein Gewerbe Im Laufe der Jahrhunderte hat Marmor die Welt mit seiner Anmut und Best\u00e4ndigkeit verzaubert. Von den prachtvollen Statuen der griechischen Antike bis zu den opulenten Pal\u00e4sten der Renaissance ist seine Pr\u00e4senz ein Tribut an die ewige Kraft der menschlichen Kreativit\u00e4t. Aber wenn die Bl\u00f6cke aus dem Herzen der Erde [&hellip;]","og_url":"https:\/\/cava-bernardi.com\/de\/marmorabbau\/","og_site_name":"BERNARDI","article_publisher":"https:\/\/www.facebook.com\/cavebernardi\/","article_modified_time":"2024-05-03T15:39:21+00:00","og_image":[{"url":"https:\/\/www.cava-bernardi.com\/wp-content\/uploads\/2024\/05\/48419080_2380550552174337_630819627928125440_n.jpg"}],"twitter_card":"summary_large_image","twitter_misc":{"Gesch\u00e4tzte Lesezeit":"3\u00a0Minuten"},"schema":{"@context":"https:\/\/schema.org","@graph":[{"@type":"WebPage","@id":"https:\/\/cava-bernardi.com\/de\/marmorabbau\/","url":"https:\/\/cava-bernardi.com\/de\/marmorabbau\/","name":"Marmorabbau - BERNARDI","isPartOf":{"@id":"https:\/\/cava-bernardi.com\/de\/#website"},"primaryImageOfPage":{"@id":"https:\/\/cava-bernardi.com\/de\/marmorabbau\/#primaryimage"},"image":{"@id":"https:\/\/cava-bernardi.com\/de\/marmorabbau\/#primaryimage"},"thumbnailUrl":"https:\/\/www.cava-bernardi.com\/wp-content\/uploads\/2024\/05\/48419080_2380550552174337_630819627928125440_n.jpg","datePublished":"2024-05-02T04:14:15+00:00","dateModified":"2024-05-03T15:39:21+00:00","breadcrumb":{"@id":"https:\/\/cava-bernardi.com\/de\/marmorabbau\/#breadcrumb"},"inLanguage":"de","potentialAction":[{"@type":"ReadAction","target":["https:\/\/cava-bernardi.com\/de\/marmorabbau\/"]}]},{"@type":"ImageObject","inLanguage":"de","@id":"https:\/\/cava-bernardi.com\/de\/marmorabbau\/#primaryimage","url":"https:\/\/www.cava-bernardi.com\/wp-content\/uploads\/2024\/05\/48419080_2380550552174337_630819627928125440_n.jpg","contentUrl":"https:\/\/www.cava-bernardi.com\/wp-content\/uploads\/2024\/05\/48419080_2380550552174337_630819627928125440_n.jpg"},{"@type":"BreadcrumbList","@id":"https:\/\/cava-bernardi.com\/de\/marmorabbau\/#breadcrumb","itemListElement":[{"@type":"ListItem","position":1,"name":"Startseite","item":"https:\/\/cava-bernardi.com\/de\/"},{"@type":"ListItem","position":2,"name":"Marmorabbau"}]},{"@type":"WebSite","@id":"https:\/\/cava-bernardi.com\/de\/#website","url":"https:\/\/cava-bernardi.com\/de\/","name":"BERNARDI","description":"handwerkskunst in marmor","publisher":{"@id":"https:\/\/cava-bernardi.com\/de\/#organization"},"potentialAction":[{"@type":"SearchAction","target":{"@type":"EntryPoint","urlTemplate":"https:\/\/cava-bernardi.com\/de\/?s={search_term_string}"},"query-input":"required name=search_term_string"}],"inLanguage":"de"},{"@type":"Organization","@id":"https:\/\/cava-bernardi.com\/de\/#organization","name":"BERNARDI","url":"https:\/\/cava-bernardi.com\/de\/","logo":{"@type":"ImageObject","inLanguage":"de","@id":"https:\/\/cava-bernardi.com\/de\/#\/schema\/logo\/image\/","url":"https:\/\/cava-bernardi.com\/de\/wp-content\/uploads\/sites\/2\/2024\/05\/logo.png","contentUrl":"https:\/\/cava-bernardi.com\/de\/wp-content\/uploads\/sites\/2\/2024\/05\/logo.png","width":935,"height":537,"caption":"BERNARDI"},"image":{"@id":"https:\/\/cava-bernardi.com\/de\/#\/schema\/logo\/image\/"},"sameAs":["https:\/\/www.facebook.com\/cavebernardi\/"]}]}},"_links":{"self":[{"href":"https:\/\/cava-bernardi.com\/de\/wp-json\/wp\/v2\/pages\/5"}],"collection":[{"href":"https:\/\/cava-bernardi.com\/de\/wp-json\/wp\/v2\/pages"}],"about":[{"href":"https:\/\/cava-bernardi.com\/de\/wp-json\/wp\/v2\/types\/page"}],"author":[{"embeddable":true,"href":"https:\/\/cava-bernardi.com\/de\/wp-json\/wp\/v2\/users\/1"}],"replies":[{"embeddable":true,"href":"https:\/\/cava-bernardi.com\/de\/wp-json\/wp\/v2\/comments?post=5"}],"version-history":[{"count":2,"href":"https:\/\/cava-bernardi.com\/de\/wp-json\/wp\/v2\/pages\/5\/revisions"}],"predecessor-version":[{"id":57,"href":"https:\/\/cava-bernardi.com\/de\/wp-json\/wp\/v2\/pages\/5\/revisions\/57"}],"wp:attachment":[{"href":"https:\/\/cava-bernardi.com\/de\/wp-json\/wp\/v2\/media?parent=5"}],"curies":[{"name":"wp","href":"https:\/\/api.w.org\/{rel}","templated":true}]}}