{"id":10,"date":"2024-04-24T15:09:20","date_gmt":"2024-04-24T13:09:20","guid":{"rendered":"https:\/\/cava-bernardi.com\/de\/chi-siamo\/"},"modified":"2024-05-03T14:55:34","modified_gmt":"2024-05-03T12:55:34","slug":"wer-wir-sind","status":"publish","type":"page","link":"https:\/\/cava-bernardi.com\/de\/wer-wir-sind\/","title":{"rendered":"Wer wir sind"},"content":{"rendered":"\n<div class=\"wp-block-group alignfull has-background has-global-padding is-layout-constrained wp-block-group-is-layout-constrained\" style=\"background:linear-gradient(45deg,#cfcabe 0%,#F9F9F9 100%);margin-top:0;margin-bottom:0;padding-top:var(--wp--preset--spacing--50);padding-right:var(--wp--preset--spacing--50);padding-bottom:var(--wp--preset--spacing--50);padding-left:var(--wp--preset--spacing--50)\">\n<div class=\"wp-block-columns alignwide is-layout-flex wp-container-core-columns-is-layout-1 wp-block-columns-is-layout-flex\">\n<div class=\"wp-block-column is-vertically-aligned-stretch is-layout-flow wp-block-column-is-layout-flow\" style=\"flex-basis:50%\">\n<div class=\"wp-block-group is-vertical is-content-justification-stretch is-layout-flex wp-container-core-group-is-layout-2 wp-block-group-is-layout-flex\" style=\"min-height:100%\">\n<h2 class=\"wp-block-heading\">Unsere Passion<\/h2>\n\n\n\n<h2 class=\"wp-block-heading has-large-font-size\">Marmorsteinbruch der Familie Bernardi<\/h2>\n\n\n\n<p>Mehr als siebzig Jahre Erfahrung im Umgang mit Marmor, Granit und Naturstein w\u00e4ren nichts ohne die Leidenschaft, die unser Familienunternehmen antreibt und auszeichnet.<br>Wir sind Marmorprofis, die bei jedem Projekt die Sch\u00f6nheit als wertvollstes Element in den Mittelpunkt stellen. Wir kultivieren diese Sch\u00f6nheit jeden Tag, geben sie von Generation zu Generation weiter und teilen sie mit allen, die uns f\u00fcr ihr Projekt w\u00e4hlen.<\/p>\n\n\n\n<div class=\"wp-block-group has-global-padding is-content-justification-left is-layout-constrained wp-container-core-group-is-layout-1 wp-block-group-is-layout-constrained\">\n<p class=\"wp-container-content-1\">Bleibende und zeitlose Werte schaffen<\/p>\n\n\n\n<div class=\"wp-block-buttons is-layout-flex wp-block-buttons-is-layout-flex\"><\/div>\n<\/div>\n<\/div>\n<\/div>\n\n\n\n<div class=\"wp-block-column is-vertically-aligned-center is-layout-flow wp-block-column-is-layout-flow\" style=\"flex-basis:50%\">\n<figure class=\"wp-block-image size-full is-style-rounded\"><img decoding=\"async\" src=\"https:\/\/www.cava-bernardi.com\/wp-content\/uploads\/2024\/04\/1509738_1475239076038827_3731372558626221286_n.jpg\" alt=\"\" class=\"wp-image-273\" style=\"aspect-ratio:3\/4;object-fit:cover\"\/><\/figure>\n<\/div>\n<\/div>\n<\/div>\n\n\n\n<div class=\"wp-block-group alignfull has-base-background-color has-background has-global-padding is-layout-constrained wp-block-group-is-layout-constrained\" style=\"margin-top:0;margin-bottom:0;padding-top:var(--wp--preset--spacing--50);padding-right:var(--wp--preset--spacing--50);padding-bottom:var(--wp--preset--spacing--50);padding-left:var(--wp--preset--spacing--50)\">\n<div class=\"wp-block-columns alignwide is-layout-flex wp-container-core-columns-is-layout-3 wp-block-columns-is-layout-flex\">\n<div class=\"wp-block-column has-global-padding is-content-justification-left is-layout-constrained wp-container-core-column-is-layout-3 wp-block-column-is-layout-constrained\" style=\"flex-basis:40%\">\n<figure class=\"wp-block-image size-full is-resized is-style-rounded\"><img decoding=\"async\" src=\"https:\/\/www.cava-bernardi.com\/wp-content\/uploads\/2024\/04\/20230510_111411-1.jpg\" alt=\"\" class=\"wp-image-275\" style=\"width:502px;height:auto\"\/><\/figure>\n<\/div>\n\n\n\n<div class=\"wp-block-column is-layout-flow wp-container-core-column-is-layout-6 wp-block-column-is-layout-flow\" style=\"flex-basis:60%\">\n<p class=\"has-heading-font-family has-x-large-font-size\" style=\"line-height:1.2\">Mit viel Liebe zum Detail und einer Verpflichtung zu Spitzenleistungen schaffen wir inspirierende Objekte f\u00fcr&#8217;s Leben.<\/p>\n\n\n\n<div class=\"wp-block-columns is-layout-flex wp-container-core-columns-is-layout-2 wp-block-columns-is-layout-flex\">\n<div class=\"wp-block-column is-layout-flow wp-block-column-is-layout-flow\">\n<p class=\"wp-container-content-2\">In einer Welt des st\u00e4ndigen Wandels und des Fortschritts gewinnen Qualit\u00e4t und Liebe zum Detail immer mehr an Bedeutung. Die Idee, Objekte zu schaffen, die nicht nur funktional sind, sondern auch eine tiefe emotionale Verbindung und Inspiration bieten, ist ein Ansatz, der nicht nur das Leben der Menschen bereichert, sondern auch die Art und Weise ver\u00e4ndert, wie wir unsere Umgebung wahrnehmen.<\/p>\n<\/div>\n\n\n\n<div class=\"wp-block-column is-layout-flow wp-block-column-is-layout-flow\">\n<p>Das Ergebnis dieser Liebe zum Detail und des Engagements f\u00fcr Spitzenleistungen sind Objekte, die mehr sind als nur Gegenst\u00e4nde. Sie sind Quellen der Inspiration, die das Leben der Menschen bereichern und verbessern. Sie regen die Sinne an und wecken Emotionen, die \u00fcber die reine Funktionalit\u00e4t hinausgehen. Sie inspirieren zu Kreativit\u00e4t und Innovation und fordern uns heraus, die Welt um uns herum mit neuen Augen zu sehen.<\/p>\n<\/div>\n<\/div>\n<\/div>\n<\/div>\n<\/div>\n\n\n\n<div class=\"wp-block-group alignfull has-background has-global-padding is-layout-constrained wp-block-group-is-layout-constrained\" style=\"background:linear-gradient(45deg,#cfcabe 0%,#F9F9F9 100%);margin-top:0;margin-bottom:0;padding-top:var(--wp--preset--spacing--50);padding-right:var(--wp--preset--spacing--50);padding-bottom:var(--wp--preset--spacing--50);padding-left:var(--wp--preset--spacing--50)\">\n<div class=\"wp-block-columns alignwide is-layout-flex wp-container-core-columns-is-layout-4 wp-block-columns-is-layout-flex\">\n<div class=\"wp-block-column is-vertically-aligned-center is-layout-flow wp-block-column-is-layout-flow\" style=\"flex-basis:60%\">\n<figure class=\"wp-block-image size-full is-style-rounded\"><img decoding=\"async\" src=\"https:\/\/www.cava-bernardi.com\/wp-content\/uploads\/2024\/04\/12801135_1794811980748200_1745733254396022157_n.jpg\" alt=\"\" class=\"wp-image-279\" style=\"aspect-ratio:4\/3;object-fit:cover\"\/><\/figure>\n<\/div>\n\n\n\n<div class=\"wp-block-column is-layout-flow wp-block-column-is-layout-flow\" style=\"flex-basis:40%\">\n<h2 class=\"wp-block-heading\">Wir verwirklichen Ihre Ideen<\/h2>\n\n\n\n<p>Wir sind darauf spezialisiert, Ihre Ideen Wirklichkeit werden zu lassen. Von der Konzeption bis zur Umsetzung arbeiten wir eng mit Ihnen zusammen, damit Ihre Visionen perfekt zum Ausdruck kommen. Dank unserer Erfahrung und Kreativit\u00e4t setzen wir Ihre Ideen in beeindruckende Ergebnisse um, die Ihre Erwartungen \u00fcbertreffen. Verlassen Sie sich auf uns, wenn es darum geht, Ihre Ideen zum Leben zu erwecken.<\/p>\n\n\n\n<p>Wir sind uns bewusst, dass Ihre Ideen einzigartig sind und eine pers\u00f6nliche Note brauchen. Deshalb legen wir gro\u00dfen Wert auf eine individuelle Betreuung, damit jedes Detail Ihren Vorstellungen entspricht.<\/p>\n\n\n\n<p><\/p>\n\n\n\n<div class=\"wp-block-buttons is-layout-flex wp-block-buttons-is-layout-flex\">\n<div class=\"wp-block-button\"><a class=\"wp-block-button__link wp-element-button\" href=\"https:\/\/cava-bernardi.com\/de\/kontakt\/\" rel=\"nofollow\">Kontaktieren Sie uns<\/a><\/div>\n<\/div>\n<\/div>\n<\/div>\n<\/div>\n\n\n\n<div class=\"wp-block-group alignfull has-global-padding is-layout-constrained wp-block-group-is-layout-constrained\" id=\"anchor_team\" style=\"margin-top:0;margin-bottom:0;padding-top:var(--wp--preset--spacing--50);padding-right:var(--wp--preset--spacing--50);padding-bottom:var(--wp--preset--spacing--50);padding-left:var(--wp--preset--spacing--50)\">\n<div class=\"wp-block-group is-vertical is-content-justification-center is-layout-flex wp-container-core-group-is-layout-6 wp-block-group-is-layout-flex\">\n<h2 class=\"wp-block-heading has-text-align-center has-xx-large-font-size\" id=\"anchor_team\">Lernen Sie uns kennen<\/h2>\n\n\n\n<p class=\"has-text-align-center\"><\/p>\n<\/div>\n\n\n\n<div style=\"height:var(--wp--preset--spacing--30)\" aria-hidden=\"true\" class=\"wp-block-spacer\"><\/div>\n\n\n\n<div class=\"wp-block-columns alignwide is-layout-flex wp-container-core-columns-is-layout-5 wp-block-columns-is-layout-flex\" style=\"padding-right:0;padding-left:0\">\n<div class=\"wp-block-column is-layout-flow wp-block-column-is-layout-flow\">\n<div class=\"wp-block-group is-vertical is-content-justification-center is-nowrap is-layout-flex wp-container-core-group-is-layout-7 wp-block-group-is-layout-flex\">\n<p class=\"has-text-align-center has-small-font-size\"><\/p>\n\n\n\n<p class=\"has-text-align-center has-small-font-size\"><\/p>\n<\/div>\n<\/div>\n\n\n\n<div class=\"wp-block-column is-layout-flow wp-block-column-is-layout-flow\">\n<figure class=\"wp-block-image size-full is-style-rounded\"><img decoding=\"async\" src=\"https:\/\/www.cava-bernardi.com\/wp-content\/uploads\/2024\/04\/dummy.jpg\" alt=\"\" class=\"wp-image-276\" style=\"aspect-ratio:1;object-fit:cover\"\/><\/figure>\n\n\n\n<div class=\"wp-block-group is-vertical is-content-justification-center is-nowrap is-layout-flex wp-container-core-group-is-layout-8 wp-block-group-is-layout-flex\">\n<p class=\"has-text-align-center has-small-font-size\"><strong>Fabio Bernardi<\/strong><\/p>\n<\/div>\n<\/div>\n\n\n\n<div class=\"wp-block-column is-layout-flow wp-block-column-is-layout-flow\">\n<figure class=\"wp-block-image size-full is-style-rounded\"><img decoding=\"async\" src=\"https:\/\/www.cava-bernardi.com\/wp-content\/uploads\/2024\/04\/dummy.jpg\" alt=\"\" class=\"wp-image-276\" style=\"aspect-ratio:1;object-fit:cover\"\/><\/figure>\n\n\n\n<div class=\"wp-block-group is-vertical is-content-justification-center is-nowrap is-layout-flex wp-container-core-group-is-layout-9 wp-block-group-is-layout-flex\">\n<p class=\"has-text-align-center has-small-font-size\"><strong>Francesco Bernardi<\/strong><\/p>\n<\/div>\n<\/div>\n\n\n\n<div class=\"wp-block-column is-layout-flow wp-block-column-is-layout-flow\">\n<figure class=\"wp-block-image size-full is-style-rounded\"><img decoding=\"async\" src=\"https:\/\/www.cava-bernardi.com\/wp-content\/uploads\/2024\/04\/dummy.jpg\" alt=\"\" class=\"wp-image-276\" style=\"aspect-ratio:1;object-fit:cover\"\/><\/figure>\n\n\n\n<p class=\"has-text-align-center has-small-font-size\"><strong>Stefano Bernardi<\/strong><\/p>\n<\/div>\n\n\n\n<div class=\"wp-block-column is-layout-flow wp-block-column-is-layout-flow\">\n<p class=\"has-text-align-center has-small-font-size\"><\/p>\n<\/div>\n<\/div>\n<\/div>\n\n\n\n\n\n\n","protected":false},"excerpt":{"rendered":"<p>Unsere Passion Marmorsteinbruch der Familie Bernardi Mehr als siebzig Jahre Erfahrung im Umgang mit Marmor, Granit und Naturstein w\u00e4ren nichts ohne die Leidenschaft, die unser Familienunternehmen antreibt und auszeichnet.Wir sind Marmorprofis, die bei jedem Projekt die Sch\u00f6nheit als wertvollstes Element in den Mittelpunkt stellen. Wir kultivieren diese Sch\u00f6nheit jeden Tag, geben sie von Generation zu [&hellip;]<\/p>\n","protected":false},"author":1,"featured_media":0,"parent":0,"menu_order":0,"comment_status":"closed","ping_status":"closed","template":"","meta":{"footnotes":""},"yoast_head":"<!-- This site is optimized with the Yoast SEO plugin v22.8 - https:\/\/yoast.com\/wordpress\/plugins\/seo\/ -->\n<title>Wer wir sind - BERNARDI<\/title>\n<meta name=\"robots\" content=\"index, follow, max-snippet:-1, max-image-preview:large, max-video-preview:-1\" \/>\n<link rel=\"canonical\" href=\"https:\/\/cava-bernardi.com\/de\/wer-wir-sind\/\" \/>\n<meta property=\"og:locale\" content=\"de_DE\" \/>\n<meta property=\"og:type\" content=\"article\" \/>\n<meta property=\"og:title\" content=\"Wer wir sind - BERNARDI\" \/>\n<meta property=\"og:description\" content=\"Unsere Passion Marmorsteinbruch der Familie Bernardi Mehr als siebzig Jahre Erfahrung im Umgang mit Marmor, Granit und Naturstein w\u00e4ren nichts ohne die Leidenschaft, die unser Familienunternehmen antreibt und auszeichnet.Wir sind Marmorprofis, die bei jedem Projekt die Sch\u00f6nheit als wertvollstes Element in den Mittelpunkt stellen. Wir kultivieren diese Sch\u00f6nheit jeden Tag, geben sie von Generation zu [&hellip;]\" \/>\n<meta property=\"og:url\" content=\"https:\/\/cava-bernardi.com\/de\/wer-wir-sind\/\" \/>\n<meta property=\"og:site_name\" content=\"BERNARDI\" \/>\n<meta property=\"article:publisher\" content=\"https:\/\/www.facebook.com\/cavebernardi\/\" \/>\n<meta property=\"article:modified_time\" content=\"2024-05-03T12:55:34+00:00\" \/>\n<meta property=\"og:image\" content=\"https:\/\/www.cava-bernardi.com\/wp-content\/uploads\/2024\/04\/1509738_1475239076038827_3731372558626221286_n.jpg\" \/>\n<meta name=\"twitter:card\" content=\"summary_large_image\" \/>\n<meta name=\"twitter:label1\" content=\"Gesch\u00e4tzte Lesezeit\" \/>\n\t<meta name=\"twitter:data1\" content=\"4\u00a0Minuten\" \/>\n<script type=\"application\/ld+json\" class=\"yoast-schema-graph\">{\"@context\":\"https:\/\/schema.org\",\"@graph\":[{\"@type\":\"WebPage\",\"@id\":\"https:\/\/cava-bernardi.com\/de\/wer-wir-sind\/\",\"url\":\"https:\/\/cava-bernardi.com\/de\/wer-wir-sind\/\",\"name\":\"Wer wir sind - BERNARDI\",\"isPartOf\":{\"@id\":\"https:\/\/cava-bernardi.com\/de\/#website\"},\"primaryImageOfPage\":{\"@id\":\"https:\/\/cava-bernardi.com\/de\/wer-wir-sind\/#primaryimage\"},\"image\":{\"@id\":\"https:\/\/cava-bernardi.com\/de\/wer-wir-sind\/#primaryimage\"},\"thumbnailUrl\":\"https:\/\/www.cava-bernardi.com\/wp-content\/uploads\/2024\/04\/1509738_1475239076038827_3731372558626221286_n.jpg\",\"datePublished\":\"2024-04-24T13:09:20+00:00\",\"dateModified\":\"2024-05-03T12:55:34+00:00\",\"breadcrumb\":{\"@id\":\"https:\/\/cava-bernardi.com\/de\/wer-wir-sind\/#breadcrumb\"},\"inLanguage\":\"de\",\"potentialAction\":[{\"@type\":\"ReadAction\",\"target\":[\"https:\/\/cava-bernardi.com\/de\/wer-wir-sind\/\"]}]},{\"@type\":\"ImageObject\",\"inLanguage\":\"de\",\"@id\":\"https:\/\/cava-bernardi.com\/de\/wer-wir-sind\/#primaryimage\",\"url\":\"https:\/\/www.cava-bernardi.com\/wp-content\/uploads\/2024\/04\/1509738_1475239076038827_3731372558626221286_n.jpg\",\"contentUrl\":\"https:\/\/www.cava-bernardi.com\/wp-content\/uploads\/2024\/04\/1509738_1475239076038827_3731372558626221286_n.jpg\"},{\"@type\":\"BreadcrumbList\",\"@id\":\"https:\/\/cava-bernardi.com\/de\/wer-wir-sind\/#breadcrumb\",\"itemListElement\":[{\"@type\":\"ListItem\",\"position\":1,\"name\":\"Startseite\",\"item\":\"https:\/\/cava-bernardi.com\/de\/\"},{\"@type\":\"ListItem\",\"position\":2,\"name\":\"Wer wir sind\"}]},{\"@type\":\"WebSite\",\"@id\":\"https:\/\/cava-bernardi.com\/de\/#website\",\"url\":\"https:\/\/cava-bernardi.com\/de\/\",\"name\":\"BERNARDI\",\"description\":\"handwerkskunst in marmor\",\"publisher\":{\"@id\":\"https:\/\/cava-bernardi.com\/de\/#organization\"},\"potentialAction\":[{\"@type\":\"SearchAction\",\"target\":{\"@type\":\"EntryPoint\",\"urlTemplate\":\"https:\/\/cava-bernardi.com\/de\/?s={search_term_string}\"},\"query-input\":\"required name=search_term_string\"}],\"inLanguage\":\"de\"},{\"@type\":\"Organization\",\"@id\":\"https:\/\/cava-bernardi.com\/de\/#organization\",\"name\":\"BERNARDI\",\"url\":\"https:\/\/cava-bernardi.com\/de\/\",\"logo\":{\"@type\":\"ImageObject\",\"inLanguage\":\"de\",\"@id\":\"https:\/\/cava-bernardi.com\/de\/#\/schema\/logo\/image\/\",\"url\":\"https:\/\/cava-bernardi.com\/de\/wp-content\/uploads\/sites\/2\/2024\/05\/logo.png\",\"contentUrl\":\"https:\/\/cava-bernardi.com\/de\/wp-content\/uploads\/sites\/2\/2024\/05\/logo.png\",\"width\":935,\"height\":537,\"caption\":\"BERNARDI\"},\"image\":{\"@id\":\"https:\/\/cava-bernardi.com\/de\/#\/schema\/logo\/image\/\"},\"sameAs\":[\"https:\/\/www.facebook.com\/cavebernardi\/\"]}]}<\/script>\n<!-- \/ Yoast SEO plugin. -->","yoast_head_json":{"title":"Wer wir sind - BERNARDI","robots":{"index":"index","follow":"follow","max-snippet":"max-snippet:-1","max-image-preview":"max-image-preview:large","max-video-preview":"max-video-preview:-1"},"canonical":"https:\/\/cava-bernardi.com\/de\/wer-wir-sind\/","og_locale":"de_DE","og_type":"article","og_title":"Wer wir sind - BERNARDI","og_description":"Unsere Passion Marmorsteinbruch der Familie Bernardi Mehr als siebzig Jahre Erfahrung im Umgang mit Marmor, Granit und Naturstein w\u00e4ren nichts ohne die Leidenschaft, die unser Familienunternehmen antreibt und auszeichnet.Wir sind Marmorprofis, die bei jedem Projekt die Sch\u00f6nheit als wertvollstes Element in den Mittelpunkt stellen. Wir kultivieren diese Sch\u00f6nheit jeden Tag, geben sie von Generation zu [&hellip;]","og_url":"https:\/\/cava-bernardi.com\/de\/wer-wir-sind\/","og_site_name":"BERNARDI","article_publisher":"https:\/\/www.facebook.com\/cavebernardi\/","article_modified_time":"2024-05-03T12:55:34+00:00","og_image":[{"url":"https:\/\/www.cava-bernardi.com\/wp-content\/uploads\/2024\/04\/1509738_1475239076038827_3731372558626221286_n.jpg"}],"twitter_card":"summary_large_image","twitter_misc":{"Gesch\u00e4tzte Lesezeit":"4\u00a0Minuten"},"schema":{"@context":"https:\/\/schema.org","@graph":[{"@type":"WebPage","@id":"https:\/\/cava-bernardi.com\/de\/wer-wir-sind\/","url":"https:\/\/cava-bernardi.com\/de\/wer-wir-sind\/","name":"Wer wir sind - BERNARDI","isPartOf":{"@id":"https:\/\/cava-bernardi.com\/de\/#website"},"primaryImageOfPage":{"@id":"https:\/\/cava-bernardi.com\/de\/wer-wir-sind\/#primaryimage"},"image":{"@id":"https:\/\/cava-bernardi.com\/de\/wer-wir-sind\/#primaryimage"},"thumbnailUrl":"https:\/\/www.cava-bernardi.com\/wp-content\/uploads\/2024\/04\/1509738_1475239076038827_3731372558626221286_n.jpg","datePublished":"2024-04-24T13:09:20+00:00","dateModified":"2024-05-03T12:55:34+00:00","breadcrumb":{"@id":"https:\/\/cava-bernardi.com\/de\/wer-wir-sind\/#breadcrumb"},"inLanguage":"de","potentialAction":[{"@type":"ReadAction","target":["https:\/\/cava-bernardi.com\/de\/wer-wir-sind\/"]}]},{"@type":"ImageObject","inLanguage":"de","@id":"https:\/\/cava-bernardi.com\/de\/wer-wir-sind\/#primaryimage","url":"https:\/\/www.cava-bernardi.com\/wp-content\/uploads\/2024\/04\/1509738_1475239076038827_3731372558626221286_n.jpg","contentUrl":"https:\/\/www.cava-bernardi.com\/wp-content\/uploads\/2024\/04\/1509738_1475239076038827_3731372558626221286_n.jpg"},{"@type":"BreadcrumbList","@id":"https:\/\/cava-bernardi.com\/de\/wer-wir-sind\/#breadcrumb","itemListElement":[{"@type":"ListItem","position":1,"name":"Startseite","item":"https:\/\/cava-bernardi.com\/de\/"},{"@type":"ListItem","position":2,"name":"Wer wir sind"}]},{"@type":"WebSite","@id":"https:\/\/cava-bernardi.com\/de\/#website","url":"https:\/\/cava-bernardi.com\/de\/","name":"BERNARDI","description":"handwerkskunst in marmor","publisher":{"@id":"https:\/\/cava-bernardi.com\/de\/#organization"},"potentialAction":[{"@type":"SearchAction","target":{"@type":"EntryPoint","urlTemplate":"https:\/\/cava-bernardi.com\/de\/?s={search_term_string}"},"query-input":"required name=search_term_string"}],"inLanguage":"de"},{"@type":"Organization","@id":"https:\/\/cava-bernardi.com\/de\/#organization","name":"BERNARDI","url":"https:\/\/cava-bernardi.com\/de\/","logo":{"@type":"ImageObject","inLanguage":"de","@id":"https:\/\/cava-bernardi.com\/de\/#\/schema\/logo\/image\/","url":"https:\/\/cava-bernardi.com\/de\/wp-content\/uploads\/sites\/2\/2024\/05\/logo.png","contentUrl":"https:\/\/cava-bernardi.com\/de\/wp-content\/uploads\/sites\/2\/2024\/05\/logo.png","width":935,"height":537,"caption":"BERNARDI"},"image":{"@id":"https:\/\/cava-bernardi.com\/de\/#\/schema\/logo\/image\/"},"sameAs":["https:\/\/www.facebook.com\/cavebernardi\/"]}]}},"_links":{"self":[{"href":"https:\/\/cava-bernardi.com\/de\/wp-json\/wp\/v2\/pages\/10"}],"collection":[{"href":"https:\/\/cava-bernardi.com\/de\/wp-json\/wp\/v2\/pages"}],"about":[{"href":"https:\/\/cava-bernardi.com\/de\/wp-json\/wp\/v2\/types\/page"}],"author":[{"embeddable":true,"href":"https:\/\/cava-bernardi.com\/de\/wp-json\/wp\/v2\/users\/1"}],"replies":[{"embeddable":true,"href":"https:\/\/cava-bernardi.com\/de\/wp-json\/wp\/v2\/comments?post=10"}],"version-history":[{"count":2,"href":"https:\/\/cava-bernardi.com\/de\/wp-json\/wp\/v2\/pages\/10\/revisions"}],"predecessor-version":[{"id":28,"href":"https:\/\/cava-bernardi.com\/de\/wp-json\/wp\/v2\/pages\/10\/revisions\/28"}],"wp:attachment":[{"href":"https:\/\/cava-bernardi.com\/de\/wp-json\/wp\/v2\/media?parent=10"}],"curies":[{"name":"wp","href":"https:\/\/api.w.org\/{rel}","templated":true}]}}